{"id":2240,"date":"2025-06-26T19:46:47","date_gmt":"2025-06-26T12:46:47","guid":{"rendered":"https:\/\/vnrates.org\/home\/"},"modified":"2025-08-27T15:01:37","modified_gmt":"2025-08-27T08:01:37","slug":"home","status":"publish","type":"page","link":"https:\/\/vnrates.org\/zh-hant\/","title":{"rendered":"Home"},"content":{"rendered":"\n\n<h1 class=\"wp-block-heading\">\u4eca\u65e5\u9280\u884c\u532f\u7387\uff08\u4e3b\u8981\u8ca8\u5e63\uff09<\/h1>\n\n\u73fe\u91d1\u8cb7\u5165\n\n\u532f\u6b3e\u8cb7\u5165\n\n\u8ce3\u51fa\u50f9\n\n{acf_do-la-my-usd_mua_vao}\n\nKh\u00f4ng \u0111\u00fang post type.\n\n\n{acf_do-la-my-usd_chuyen_khoan-t}\n\nKh\u00f4ng \u0111\u00fang post type.\n\n\n{acf_do-la-my-usd_ban_ra}\n\nKh\u00f4ng \u0111\u00fang post type.\n\n\n{acf_do-la-uc-aud_mua_vao}\n\nKh\u00f4ng \u0111\u00fang post type.\n\n\n{acf_do-la-uc-aud_chuyen_khoan-t}\n\nKh\u00f4ng \u0111\u00fang post type.\n\n\n{acf_do-la-uc-aud_ban_ra}\n\nKh\u00f4ng \u0111\u00fang post type.\n\n\n{acf_DO_CANADACAD_mua_vao}\n\nKh\u00f4ng \u0111\u00fang post type.\n\n\n{acf_DO_CANADACAD_chuyen_khoan-t}\n\nKh\u00f4ng \u0111\u00fang post type.\n\n\n{acf_DO_CANADACAD_ban_ra}\n\nKh\u00f4ng \u0111\u00fang post type.\n\n\n{acf_YEN_NHATTJPY_mua_vao}\n\nKh\u00f4ng \u0111\u00fang post type.\n\n\n{acf_YEN_NHATTJPY_chuyen_khoan-t}\n\nKh\u00f4ng \u0111\u00fang post type.\n\n\n{acf_YEN_NHATTJPY_ban_ra}\n\nKh\u00f4ng \u0111\u00fang post type.\n\n\n{acf_EUROEUR_mua_vao}\n\nKh\u00f4ng \u0111\u00fang post type.\n\n\n{acf_EUROEUR_chuyen_khoan-t}\n\nKh\u00f4ng \u0111\u00fang post type.\n\n\n{acf_EUROEUR_ban_ra}\n\nKh\u00f4ng \u0111\u00fang post type.\n\n\n{acf_FRANCE_THUY_SI_CHF_mua_vao}\n\nKh\u00f4ng \u0111\u00fang post type.\n\n\n{acf_FRANCE_THUY_SI_CHF_chuyen_khoan-t}\n\nKh\u00f4ng \u0111\u00fang post type.\n\n\n{acf_FRANCE_THUY_SI_CHF_ban_ra}\n\nKh\u00f4ng \u0111\u00fang post type.\n\n\n{acf_BANG_ANHGBP_mua_vao}\n\nKh\u00f4ng \u0111\u00fang post type.\n\n\n{acf_BANG_ANHGBP_chuyen_khoan-t}\n\nKh\u00f4ng \u0111\u00fang post type.\n\n\n{acf_BANG_ANHGBP_ban_ra}\n\nKh\u00f4ng \u0111\u00fang post type.\n\n\n{acf_Nhan_Dan_TeCNY_mua_vao}\n\nKh\u00f4ng \u0111\u00fang post type.\n\n\n{acf_Nhan_Dan_TeCNY_chuyen_khoan-t}\n\nKh\u00f4ng \u0111\u00fang post type.\n\n\n{acf_Nhan_Dan_TeCNY_ban_ra}\n\nKh\u00f4ng \u0111\u00fang post type.\n\n\n{acf_DO_SINGAPORESGD_mua_vao}\n\nKh\u00f4ng \u0111\u00fang post type.\n\n\n{acf_DO_SINGAPORESGD_chuyen_khoan-t}\n\nKh\u00f4ng \u0111\u00fang post type.\n\n\n{acf_DO_SINGAPORESGD_ban_ra}\n\nKh\u00f4ng \u0111\u00fang post type.\n\n\n{acf_BAT_THAI_LANTHB_mua_vao}\n\nKh\u00f4ng \u0111\u00fang post type.\n\n\n{acf_BAT_THAI_LANTHB_chuyen_khoan-t}\n\nKh\u00f4ng \u0111\u00fang post type.\n\n\n{acf_BAT_THAI_LANTHB_ban_ra}\n\nKh\u00f4ng \u0111\u00fang post type.\n\n\n{acf_RINGGIT_MA_LAYMYR_mua_vao}\n\nKh\u00f4ng \u0111\u00fang post type.\n\n\n{acf_RINGGIT_MA_LAYMYR_chuyen_khoan-t}\n\nKh\u00f4ng \u0111\u00fang post type.\n\n\n{acf_RINGGIT_MA_LAYMYR_ban_ra}\n\nKh\u00f4ng \u0111\u00fang post type.\n\n\n{acf_KRONE_DAN_MACHDKK_mua_vao}\n\nKh\u00f4ng \u0111\u00fang post type.\n\n\n{acf_KRONE_DAN_MACHDKK_chuyen_khoan-t}\n\nKh\u00f4ng \u0111\u00fang post type.\n\n\n{acf_KRONE_DAN_MACHDKK_ban_ra}\n\nKh\u00f4ng \u0111\u00fang post type.\n\n\n{acf_DO_HONGKONGHKD_mua_vao}\n\nKh\u00f4ng \u0111\u00fang post type.\n\n\n{acf_DO_HONGKONGHKD_chuyen_khoan-t}\n\nKh\u00f4ng \u0111\u00fang post type.\n\n\n{acf_DO_HONGKONGHKD_ban_ra}\n\nKh\u00f4ng \u0111\u00fang post type.\n\n\n{acf_RUPI_AN_DOINR_mua_vao}\n\nKh\u00f4ng \u0111\u00fang post type.\n\n\n{acf_RUPI_AN_DOINR_chuyen_khoan-t}\n\nKh\u00f4ng \u0111\u00fang post type.\n\n\n{acf_RUPI_AN_DOINR_ban_ra}\n\nKh\u00f4ng \u0111\u00fang post type.\n\n\n{acf_WON_HAN_QUOCKRW_mua_vao}\n\nKh\u00f4ng \u0111\u00fang post type.\n\n\n{acf_WON_HAN_QUOCKRW_chuyen_khoan-t}\n\nKh\u00f4ng \u0111\u00fang post type.\n\n\n{acf_WON_HAN_QUOCKRW_ban_ra}\n\nKh\u00f4ng \u0111\u00fang post type.\n\n\n{acf_KUWAITI_DINARKWD_mua_vao}\n\nKh\u00f4ng \u0111\u00fang post type.\n\n\n{acf_KUWAITI_DINARKWD_chuyen_khoan-t}\n\nKh\u00f4ng \u0111\u00fang post type.\n\n\n{acf_KUWAITI_DINARKWD_ban_ra}\n\nKh\u00f4ng \u0111\u00fang post type.\n\n\n{acf_KRONE_NA_UYNOK_mua_vao}\n\nKh\u00f4ng \u0111\u00fang post type.\n\n\n{acf_KRONE_NA_UYNOK_chuyen_khoan-t}\n\nKh\u00f4ng \u0111\u00fang post type.\n\n\n{acf_KRONE_NA_UYNOK_ban_ra}\n\nKh\u00f4ng \u0111\u00fang post type.\n\n\n{acf_RUP_NGARUB_mua_vao}\n\nKh\u00f4ng \u0111\u00fang post type.\n\n\n{acf_RUP_NGARUB_chuyen_khoan-t}\n\nKh\u00f4ng \u0111\u00fang post type.\n\n\n{acf_RUP_NGARUB_ban_ra}\n\nKh\u00f4ng \u0111\u00fang post type.\n\n\n{acf_KRONE_THUY_DIENSEK_mua_vao}\n\nKh\u00f4ng \u0111\u00fang post type.\n\n\n{acf_KRONE_THUY_DIENSEK_chuyen_khoan-t}\n\nKh\u00f4ng \u0111\u00fang post type.\n\n\n{acf_KRONE_THUY_DIENSEK_ban_ra}\n\nKh\u00f4ng \u0111\u00fang post type.\n\n\n<h1 class=\"wp-block-heading\">\u9ed1\u5e02\u7f8e\u5143\u532f\u7387<\/h1>\n\n\u73fe\u91d1\u8cb7\u5165\n\n\u8ce3\u51fa\u50f9\n\n\n\n\nKh\u00f4ng \u0111\u00fang post type.\n\n\n\n\n\nKh\u00f4ng \u0111\u00fang post type.\n\n\n\n\n\nKh\u00f4ng \u0111\u00fang post type.\n\n\n\n\n\nKh\u00f4ng \u0111\u00fang post type.\n\n\n\n\n\nKh\u00f4ng \u0111\u00fang post type.\n\n\n\n\n\nKh\u00f4ng \u0111\u00fang post type.\n\n\n<h1 class=\"wp-block-heading\">\u65b0\u805e<\/h1>\n\n<h1 class=\"wp-block-heading\">\u65b0\u805e<\/h1>","protected":false},"excerpt":{"rendered":"<p>\u4eca\u65e5\u9280\u884c\u532f\u7387\uff08\u4e3b\u8981\u8ca8\u5e63\uff09 \u73fe\u91d1\u8cb7\u5165 \u532f\u6b3e\u8cb7\u5165 \u8ce3\u51fa\u50f9 {acf_do-la-my-usd_mua_vao} { [&hellip;]<\/p>\n","protected":false},"author":1,"featured_media":0,"parent":0,"menu_order":0,"comment_status":"closed","ping_status":"closed","template":"","meta":{"_acf_changed":false,"footnotes":""},"class_list":["post-2240","page","type-page","status-publish","hentry"],"acf":[],"_links":{"self":[{"href":"https:\/\/vnrates.org\/zh-hant\/wp-json\/wp\/v2\/pages\/2240","targetHints":{"allow":["GET"]}}],"collection":[{"href":"https:\/\/vnrates.org\/zh-hant\/wp-json\/wp\/v2\/pages"}],"about":[{"href":"https:\/\/vnrates.org\/zh-hant\/wp-json\/wp\/v2\/types\/page"}],"author":[{"embeddable":true,"href":"https:\/\/vnrates.org\/zh-hant\/wp-json\/wp\/v2\/users\/1"}],"replies":[{"embeddable":true,"href":"https:\/\/vnrates.org\/zh-hant\/wp-json\/wp\/v2\/comments?post=2240"}],"version-history":[{"count":2,"href":"https:\/\/vnrates.org\/zh-hant\/wp-json\/wp\/v2\/pages\/2240\/revisions"}],"predecessor-version":[{"id":3044,"href":"https:\/\/vnrates.org\/zh-hant\/wp-json\/wp\/v2\/pages\/2240\/revisions\/3044"}],"wp:attachment":[{"href":"https:\/\/vnrates.org\/zh-hant\/wp-json\/wp\/v2\/media?parent=2240"}],"curies":[{"name":"wp","href":"https:\/\/api.w.org\/{rel}","templated":true}]}}