{"id":2242,"date":"2025-06-26T19:46:47","date_gmt":"2025-06-26T12:46:47","guid":{"rendered":"https:\/\/vnrates.org\/home\/"},"modified":"2025-08-27T15:03:45","modified_gmt":"2025-08-27T08:03:45","slug":"home","status":"publish","type":"page","link":"https:\/\/vnrates.org\/ko\/","title":{"rendered":"Home"},"content":{"rendered":"\n\n<h1 class=\"wp-block-heading\">\uc624\ub298\uc758 \uc740\ud589 \ud658\uc728 (\uc77c\ubd80 \uc8fc\uc694 \ud1b5\ud654)<\/h1>\n\n\ub9e4\uc218\n\n\uc1a1\uae08 \ud658\uc728\n\n\ub9e4\ub3c4\n\n{acf_do-la-my-usd_mua_vao}\n\nKh\u00f4ng \u0111\u00fang post type.\n\n\n{acf_do-la-my-usd_chuyen_khoan-t}\n\nKh\u00f4ng \u0111\u00fang post type.\n\n\n{acf_do-la-my-usd_ban_ra}\n\nKh\u00f4ng \u0111\u00fang post type.\n\n\n{acf_do-la-uc-aud_mua_vao}\n\nKh\u00f4ng \u0111\u00fang post type.\n\n\n{acf_do-la-uc-aud_chuyen_khoan-t}\n\nKh\u00f4ng \u0111\u00fang post type.\n\n\n{acf_do-la-uc-aud_ban_ra}\n\nKh\u00f4ng \u0111\u00fang post type.\n\n\n{acf_DO_CANADACAD_mua_vao}\n\nKh\u00f4ng \u0111\u00fang post type.\n\n\n{acf_DO_CANADACAD_chuyen_khoan-t}\n\nKh\u00f4ng \u0111\u00fang post type.\n\n\n{acf_DO_CANADACAD_ban_ra}\n\nKh\u00f4ng \u0111\u00fang post type.\n\n\n{acf_YEN_NHATTJPY_mua_vao}\n\nKh\u00f4ng \u0111\u00fang post type.\n\n\n{acf_YEN_NHATTJPY_chuyen_khoan-t}\n\nKh\u00f4ng \u0111\u00fang post type.\n\n\n{acf_YEN_NHATTJPY_ban_ra}\n\nKh\u00f4ng \u0111\u00fang post type.\n\n\n{acf_EUROEUR_mua_vao}\n\nKh\u00f4ng \u0111\u00fang post type.\n\n\n{acf_EUROEUR_chuyen_khoan-t}\n\nKh\u00f4ng \u0111\u00fang post type.\n\n\n{acf_EUROEUR_ban_ra}\n\nKh\u00f4ng \u0111\u00fang post type.\n\n\n{acf_FRANCE_THUY_SI_CHF_mua_vao}\n\nKh\u00f4ng \u0111\u00fang post type.\n\n\n{acf_FRANCE_THUY_SI_CHF_chuyen_khoan-t}\n\nKh\u00f4ng \u0111\u00fang post type.\n\n\n{acf_FRANCE_THUY_SI_CHF_ban_ra}\n\nKh\u00f4ng \u0111\u00fang post type.\n\n\n{acf_BANG_ANHGBP_mua_vao}\n\nKh\u00f4ng \u0111\u00fang post type.\n\n\n{acf_BANG_ANHGBP_chuyen_khoan-t}\n\nKh\u00f4ng \u0111\u00fang post type.\n\n\n{acf_BANG_ANHGBP_ban_ra}\n\nKh\u00f4ng \u0111\u00fang post type.\n\n\n{acf_Nhan_Dan_TeCNY_mua_vao}\n\nKh\u00f4ng \u0111\u00fang post type.\n\n\n{acf_Nhan_Dan_TeCNY_chuyen_khoan-t}\n\nKh\u00f4ng \u0111\u00fang post type.\n\n\n{acf_Nhan_Dan_TeCNY_ban_ra}\n\nKh\u00f4ng \u0111\u00fang post type.\n\n\n{acf_DO_SINGAPORESGD_mua_vao}\n\nKh\u00f4ng \u0111\u00fang post type.\n\n\n{acf_DO_SINGAPORESGD_chuyen_khoan-t}\n\nKh\u00f4ng \u0111\u00fang post type.\n\n\n{acf_DO_SINGAPORESGD_ban_ra}\n\nKh\u00f4ng \u0111\u00fang post type.\n\n\n{acf_BAT_THAI_LANTHB_mua_vao}\n\nKh\u00f4ng \u0111\u00fang post type.\n\n\n{acf_BAT_THAI_LANTHB_chuyen_khoan-t}\n\nKh\u00f4ng \u0111\u00fang post type.\n\n\n{acf_BAT_THAI_LANTHB_ban_ra}\n\nKh\u00f4ng \u0111\u00fang post type.\n\n\n{acf_RINGGIT_MA_LAYMYR_mua_vao}\n\nKh\u00f4ng \u0111\u00fang post type.\n\n\n{acf_RINGGIT_MA_LAYMYR_chuyen_khoan-t}\n\nKh\u00f4ng \u0111\u00fang post type.\n\n\n{acf_RINGGIT_MA_LAYMYR_ban_ra}\n\nKh\u00f4ng \u0111\u00fang post type.\n\n\n{acf_KRONE_DAN_MACHDKK_mua_vao}\n\nKh\u00f4ng \u0111\u00fang post type.\n\n\n{acf_KRONE_DAN_MACHDKK_chuyen_khoan-t}\n\nKh\u00f4ng \u0111\u00fang post type.\n\n\n{acf_KRONE_DAN_MACHDKK_ban_ra}\n\nKh\u00f4ng \u0111\u00fang post type.\n\n\n{acf_DO_HONGKONGHKD_mua_vao}\n\nKh\u00f4ng \u0111\u00fang post type.\n\n\n{acf_DO_HONGKONGHKD_chuyen_khoan-t}\n\nKh\u00f4ng \u0111\u00fang post type.\n\n\n{acf_DO_HONGKONGHKD_ban_ra}\n\nKh\u00f4ng \u0111\u00fang post type.\n\n\n{acf_RUPI_AN_DOINR_mua_vao}\n\nKh\u00f4ng \u0111\u00fang post type.\n\n\n{acf_RUPI_AN_DOINR_chuyen_khoan-t}\n\nKh\u00f4ng \u0111\u00fang post type.\n\n\n{acf_RUPI_AN_DOINR_ban_ra}\n\nKh\u00f4ng \u0111\u00fang post type.\n\n\n{acf_WON_HAN_QUOCKRW_mua_vao}\n\nKh\u00f4ng \u0111\u00fang post type.\n\n\n{acf_WON_HAN_QUOCKRW_chuyen_khoan-t}\n\nKh\u00f4ng \u0111\u00fang post type.\n\n\n{acf_WON_HAN_QUOCKRW_ban_ra}\n\nKh\u00f4ng \u0111\u00fang post type.\n\n\n{acf_KUWAITI_DINARKWD_mua_vao}\n\nKh\u00f4ng \u0111\u00fang post type.\n\n\n{acf_KUWAITI_DINARKWD_chuyen_khoan-t}\n\nKh\u00f4ng \u0111\u00fang post type.\n\n\n{acf_KUWAITI_DINARKWD_ban_ra}\n\nKh\u00f4ng \u0111\u00fang post type.\n\n\n{acf_KRONE_NA_UYNOK_mua_vao}\n\nKh\u00f4ng \u0111\u00fang post type.\n\n\n{acf_KRONE_NA_UYNOK_chuyen_khoan-t}\n\nKh\u00f4ng \u0111\u00fang post type.\n\n\n{acf_KRONE_NA_UYNOK_ban_ra}\n\nKh\u00f4ng \u0111\u00fang post type.\n\n\n{acf_RUP_NGARUB_mua_vao}\n\nKh\u00f4ng \u0111\u00fang post type.\n\n\n{acf_RUP_NGARUB_chuyen_khoan-t}\n\nKh\u00f4ng \u0111\u00fang post type.\n\n\n{acf_RUP_NGARUB_ban_ra}\n\nKh\u00f4ng \u0111\u00fang post type.\n\n\n{acf_KRONE_THUY_DIENSEK_mua_vao}\n\nKh\u00f4ng \u0111\u00fang post type.\n\n\n{acf_KRONE_THUY_DIENSEK_chuyen_khoan-t}\n\nKh\u00f4ng \u0111\u00fang post type.\n\n\n{acf_KRONE_THUY_DIENSEK_ban_ra}\n\nKh\u00f4ng \u0111\u00fang post type.\n\n\n<h1 class=\"wp-block-heading\">\ud751\uc2dc\uc7a5 \ub2ec\ub7ec \ud658\uc728<\/h1>\n\n\ub9e4\uc218\n\n\ub9e4\ub3c4\n\n\n\n\nKh\u00f4ng \u0111\u00fang post type.\n\n\n\n\n\nKh\u00f4ng \u0111\u00fang post type.\n\n\n\n\n\nKh\u00f4ng \u0111\u00fang post type.\n\n\n\n\n\nKh\u00f4ng \u0111\u00fang post type.\n\n\n\n\n\nKh\u00f4ng \u0111\u00fang post type.\n\n\n\n\n\nKh\u00f4ng \u0111\u00fang post type.\n\n\n<h1 class=\"wp-block-heading\">\uc18c\uc2dd<\/h1>\n\n<h1 class=\"wp-block-heading\">\uc18c\uc2dd<\/h1>","protected":false},"excerpt":{"rendered":"<p>\uc624\ub298\uc758 \uc740\ud589 \ud658\uc728 (\uc77c\ubd80 \uc8fc\uc694 \ud1b5\ud654) \ub9e4\uc218 \uc1a1\uae08 \ud658\uc728 \ub9e4\ub3c4 {acf_do-la-my-usd_mua_vao} {acf_do-la-my-usd_chuyen_khoan-t} {acf_do-la-my-usd_ban_ra} {acf_do-la-uc-aud_mua_vao} {acf_do-la-uc-aud_chuyen_khoan-t} {acf_do-la-uc-aud_ban_ra} {acf_DO_CANADACAD_mua_vao} {acf_DO_CANADACAD_chuyen_khoan-t} {acf_DO_CANADACAD_ban_ra} {acf_YEN_NHATTJPY_mua_vao} {acf_YEN_NHATTJPY_chuyen_khoan-t} {acf_YEN_NHATTJPY_ban_ra} {acf_EUROEUR_mua_vao} {acf_EUROEUR_chuyen_khoan-t} {acf_EUROEUR_ban_ra} {acf_FRANCE_THUY_SI_CHF_mua_vao} {acf_FRANCE_THUY_SI_CHF_chuyen_khoan-t} {acf_FRANCE_THUY_SI_CHF_ban_ra} {acf_BANG_ANHGBP_mua_vao} {acf_BANG_ANHGBP_chuyen_khoan-t} {acf_BANG_ANHGBP_ban_ra} {acf_Nhan_Dan_TeCNY_mua_vao} {acf_Nhan_Dan_TeCNY_chuyen_khoan-t} {acf_Nhan_Dan_TeCNY_ban_ra} {acf_DO_SINGAPORESGD_mua_vao} {acf_DO_SINGAPORESGD_chuyen_khoan-t} {acf_DO_SINGAPORESGD_ban_ra} {acf_BAT_THAI_LANTHB_mua_vao} {acf_BAT_THAI_LANTHB_chuyen_khoan-t} {acf_BAT_THAI_LANTHB_ban_ra} {acf_RINGGIT_MA_LAYMYR_mua_vao} {acf_RINGGIT_MA_LAYMYR_chuyen_khoan-t} {acf_RINGGIT_MA_LAYMYR_ban_ra} {acf_KRONE_DAN_MACHDKK_mua_vao} {acf_KRONE_DAN_MACHDKK_chuyen_khoan-t} {acf_KRONE_DAN_MACHDKK_ban_ra} {acf_DO_HONGKONGHKD_mua_vao} {acf_DO_HONGKONGHKD_chuyen_khoan-t} {acf_DO_HONGKONGHKD_ban_ra} {acf_RUPI_AN_DOINR_mua_vao} {acf_RUPI_AN_DOINR_chuyen_khoan-t} {acf_RUPI_AN_DOINR_ban_ra} {acf_WON_HAN_QUOCKRW_mua_vao} {acf_WON_HAN_QUOCKRW_chuyen_khoan-t} {acf_WON_HAN_QUOCKRW_ban_ra} [&hellip;]<\/p>\n","protected":false},"author":1,"featured_media":0,"parent":0,"menu_order":0,"comment_status":"closed","ping_status":"closed","template":"","meta":{"_acf_changed":false,"footnotes":""},"class_list":["post-2242","page","type-page","status-publish","hentry"],"acf":[],"_links":{"self":[{"href":"https:\/\/vnrates.org\/ko\/wp-json\/wp\/v2\/pages\/2242","targetHints":{"allow":["GET"]}}],"collection":[{"href":"https:\/\/vnrates.org\/ko\/wp-json\/wp\/v2\/pages"}],"about":[{"href":"https:\/\/vnrates.org\/ko\/wp-json\/wp\/v2\/types\/page"}],"author":[{"embeddable":true,"href":"https:\/\/vnrates.org\/ko\/wp-json\/wp\/v2\/users\/1"}],"replies":[{"embeddable":true,"href":"https:\/\/vnrates.org\/ko\/wp-json\/wp\/v2\/comments?post=2242"}],"version-history":[{"count":3,"href":"https:\/\/vnrates.org\/ko\/wp-json\/wp\/v2\/pages\/2242\/revisions"}],"predecessor-version":[{"id":3047,"href":"https:\/\/vnrates.org\/ko\/wp-json\/wp\/v2\/pages\/2242\/revisions\/3047"}],"wp:attachment":[{"href":"https:\/\/vnrates.org\/ko\/wp-json\/wp\/v2\/media?parent=2242"}],"curies":[{"name":"wp","href":"https:\/\/api.w.org\/{rel}","templated":true}]}}